{"id":283,"date":"2024-06-17T14:26:24","date_gmt":"2024-06-17T14:26:24","guid":{"rendered":"https:\/\/vigorous-bohr.217-160-187-185.plesk.page\/?page_id=283"},"modified":"2024-11-15T14:17:41","modified_gmt":"2024-11-15T14:17:41","slug":"lunivers-animal-2","status":"publish","type":"page","link":"https:\/\/diffusagri.fr\/?page_id=283","title":{"rendered":"L&rsquo;univers Animal"},"content":{"rendered":"<p>[et_pb_section fb_built=\u00a0\u00bb1&Prime; _builder_version=\u00a0\u00bb4.25.1&Prime; _module_preset=\u00a0\u00bbdefault\u00a0\u00bb global_colors_info=\u00a0\u00bb{}\u00a0\u00bb][et_pb_row _builder_version=\u00a0\u00bb4.25.1&Prime; _module_preset=\u00a0\u00bbdefault\u00a0\u00bb custom_padding=\u00a0\u00bb44px|||||\u00a0\u00bb global_colors_info=\u00a0\u00bb{}\u00a0\u00bb][et_pb_column type=\u00a0\u00bb4_4&Prime; _builder_version=\u00a0\u00bb4.25.1&Prime; _module_preset=\u00a0\u00bbdefault\u00a0\u00bb global_colors_info=\u00a0\u00bb{}\u00a0\u00bb][et_pb_divider show_divider=\u00a0\u00bboff\u00a0\u00bb module_id=\u00a0\u00bbanimalpro\u00a0\u00bb _builder_version=\u00a0\u00bb4.25.1&Prime; _module_preset=\u00a0\u00bbdefault\u00a0\u00bb custom_margin=\u00a0\u00bb||35px||false|false\u00a0\u00bb global_colors_info=\u00a0\u00bb{}\u00a0\u00bb][\/et_pb_divider][et_pb_heading title=\u00a0\u00bbL&rsquo;univers animal professionnels\u00a0\u00bb _builder_version=\u00a0\u00bb4.25.1&Prime; _module_preset=\u00a0\u00bbdefault\u00a0\u00bb title_font=\u00a0\u00bb|700|||||||\u00a0\u00bb title_text_align=\u00a0\u00bbcenter\u00a0\u00bb title_text_color=\u00a0\u00bb#2D2E83&Prime; custom_css_free_form=\u00a0\u00bbanimal-pro\u00a0\u00bb global_colors_info=\u00a0\u00bb{}\u00a0\u00bb][\/et_pb_heading][\/et_pb_column][\/et_pb_row][et_pb_row column_structure=\u00a0\u00bb1_2,1_2&Prime; _builder_version=\u00a0\u00bb4.25.1&Prime; _module_preset=\u00a0\u00bbdefault\u00a0\u00bb global_colors_info=\u00a0\u00bb{}\u00a0\u00bb][et_pb_column type=\u00a0\u00bb1_2&Prime; _builder_version=\u00a0\u00bb4.25.1&Prime; _module_preset=\u00a0\u00bbdefault\u00a0\u00bb global_colors_info=\u00a0\u00bb{}\u00a0\u00bb][et_pb_text _builder_version=\u00a0\u00bb4.25.1&Prime; _module_preset=\u00a0\u00bbdefault\u00a0\u00bb custom_margin=\u00a0\u00bb-30px|||||\u00a0\u00bb global_colors_info=\u00a0\u00bb{}\u00a0\u00bb]<\/p>\n<p style=\"text-align: justify;\"><strong><em>Des experts pour r\u00e9pondre au plus pr\u00e8s de vos besoins\u2026<\/em><\/strong><\/p>\n<p style=\"text-align: justify;\">Sur le terrain, nos \u00e9quipes sont \u00e0 vos c\u00f4t\u00e9s pour :<\/p>\n<p style=\"text-align: justify;\"><span style=\"font-size: 16px;\">&#8211; Satisfaire les besoins en approvisionnement multiples de nos associ\u00e9s coop\u00e9rateurs<br \/><\/span><span style=\"font-size: 16px;\">&#8211; Accompagner les \u00e9leveurs dans leur production selon leurs objectifs de rentabilit\u00e9 et de p\u00e9rennit\u00e9.<\/span><\/p>\n<p style=\"text-align: justify;\"><strong><em>Faire rimer expertise et comp\u00e9titivit\u00e9 :<\/em><\/strong><\/p>\n<p style=\"text-align: justify;\"><span style=\"font-size: 16px;\">&#8211; Nos experts s\u2019attachent \u00e0 r\u00e9f\u00e9rencer au quotidien un maximum d\u2019\u00e9quipements et de produits afin de r\u00e9pondre au bien-\u00eatre animal et humain des exploitations.<\/span><\/p>\n<p style=\"text-align: justify;\"><strong><em>S\u2019adapter aux enjeux de demain :<\/em><\/strong><br \/><span style=\"font-size: 16px;\">&#8211; Anticiper les besoins de demain pour s\u2019adapter au mieux aux changements en termes de nutrition, sant\u00e9 animale et rentabilit\u00e9<br \/><\/span><span style=\"font-size: 16px;\">&#8211; Favoriser une ad\u00e9quation parfaite entre l\u2019\u00e9leveur, l\u2019animal et la production.<\/span><\/p>\n<p style=\"text-align: justify;\">En bref, vous apporter notre soutien et notre expertise pour vous simplifier la t\u00e2che en assurant confort de vie de vos animaux, hygi\u00e8ne des \u00e9levages et autonomie alimentaire (fourrag\u00e8re et prot\u00e9ique).<\/p>\n<p>[\/et_pb_text][\/et_pb_column][et_pb_column type=\u00a0\u00bb1_2&Prime; _builder_version=\u00a0\u00bb4.25.1&Prime; _module_preset=\u00a0\u00bbdefault\u00a0\u00bb global_colors_info=\u00a0\u00bb{}\u00a0\u00bb][et_pb_image src=\u00a0\u00bbhttps:\/\/vigorous-bohr.217-160-187-185.plesk.page\/wp-content\/uploads\/2024\/11\/vaches.jpg\u00a0\u00bb title_text=\u00a0\u00bbvaches\u00a0\u00bb _builder_version=\u00a0\u00bb4.25.1&Prime; _module_preset=\u00a0\u00bbdefault\u00a0\u00bb width=\u00a0\u00bb88%\u00a0\u00bb module_alignment=\u00a0\u00bbcenter\u00a0\u00bb global_colors_info=\u00a0\u00bb{}\u00a0\u00bb][\/et_pb_image][\/et_pb_column][\/et_pb_row][et_pb_row column_structure=\u00a0\u00bb1_2,1_2&Prime; _builder_version=\u00a0\u00bb4.25.1&Prime; _module_preset=\u00a0\u00bbdefault\u00a0\u00bb custom_padding=\u00a0\u00bb0px|||||\u00a0\u00bb global_colors_info=\u00a0\u00bb{}\u00a0\u00bb][et_pb_column type=\u00a0\u00bb1_2&Prime; _builder_version=\u00a0\u00bb4.25.1&Prime; _module_preset=\u00a0\u00bbdefault\u00a0\u00bb global_colors_info=\u00a0\u00bb{}\u00a0\u00bb][et_pb_image src=\u00a0\u00bbhttps:\/\/vigorous-bohr.217-160-187-185.plesk.page\/wp-content\/uploads\/2024\/08\/FermeBelicard-289-Large.jpg\u00a0\u00bb title_text=\u00a0\u00bbFermeBelicard-289 (Large)\u00a0\u00bb _builder_version=\u00a0\u00bb4.25.1&Prime; _module_preset=\u00a0\u00bbdefault\u00a0\u00bb width=\u00a0\u00bb73%\u00a0\u00bb module_alignment=\u00a0\u00bbcenter\u00a0\u00bb hover_enabled=\u00a0\u00bb0&Prime; global_colors_info=\u00a0\u00bb{}\u00a0\u00bb sticky_enabled=\u00a0\u00bb0&Prime;][\/et_pb_image][\/et_pb_column][et_pb_column type=\u00a0\u00bb1_2&Prime; _builder_version=\u00a0\u00bb4.25.1&Prime; _module_preset=\u00a0\u00bbdefault\u00a0\u00bb global_colors_info=\u00a0\u00bb{}\u00a0\u00bb][et_pb_text _builder_version=\u00a0\u00bb4.25.1&Prime; _module_preset=\u00a0\u00bbdefault\u00a0\u00bb custom_padding=\u00a0\u00bb2px|||||\u00a0\u00bb global_colors_info=\u00a0\u00bb{}\u00a0\u00bb]<\/p>\n<p><strong><em>Un large r\u00e9seau de partenaires pour une meilleure ad\u00e9quation \u00e0 chaque \u00e9levage<\/em><\/strong><\/p>\n<p>Nous commercialisons aupr\u00e8s des agriculteurs toutes les agrofournitures locales et nationales n\u00e9cessaires \u00e0 leurs productions\u00a0: bovin lait, bovin viande, volaille, caprin, ovin, \u00e9quin\u2026<\/p>\n<ul>\n<li>Produits de nutrition : aliments compos\u00e9s, mati\u00e8res premi\u00e8res (lait, tourteaux,\u2026), compl\u00e9ments, min\u00e9raux, sels,\u2026<\/li>\n<li>Equipements d\u2019\u00e9levage : cornadis, logettes, barri\u00e8res, poteaux, piquets de cl\u00f4tures, r\u00e2teliers, mangeoires, abreuvoirs, auges, contention\u2026<\/li>\n<li>Equipement de conservation\u00a0: b\u00e2ches, films, ficelles, conservateurs et valorisateurs de fourrages\u2026<\/li>\n<li>Hygi\u00e8ne et qualit\u00e9 sanitaire\u00a0: milieu de vie, salle de traite, silos d\u2019aliments, eau, antiparasitaires, anti nuisibles\u2026<\/li>\n<\/ul>\n<p>En compl\u00e9ment de ces agrofournitures, nous d\u00e9veloppons au quotidien une large gamme de services afin d\u2019accompagner nos \u00e9leveurs dans l\u2019optimisation de leurs productions.<\/p>\n<p>[\/et_pb_text][\/et_pb_column][\/et_pb_row][et_pb_row _builder_version=\u00a0\u00bb4.25.1&Prime; _module_preset=\u00a0\u00bbdefault\u00a0\u00bb global_colors_info=\u00a0\u00bb{}\u00a0\u00bb][et_pb_column type=\u00a0\u00bb4_4&Prime; _builder_version=\u00a0\u00bb4.25.1&Prime; _module_preset=\u00a0\u00bbdefault\u00a0\u00bb global_colors_info=\u00a0\u00bb{}\u00a0\u00bb][et_pb_divider color=\u00a0\u00bb#95C11F\u00a0\u00bb divider_weight=\u00a0\u00bb5px\u00a0\u00bb _builder_version=\u00a0\u00bb4.25.1&Prime; _module_preset=\u00a0\u00bbdefault\u00a0\u00bb min_height=\u00a0\u00bb9.8px\u00a0\u00bb custom_margin=\u00a0\u00bb||23px|||\u00a0\u00bb link_option_url=\u00a0\u00bb#animal-pro\u00a0\u00bb global_colors_info=\u00a0\u00bb{}\u00a0\u00bb][\/et_pb_divider][et_pb_heading title=\u00a0\u00bbL&rsquo;univers animal grand public\u00a0\u00bb module_id=\u00a0\u00bbanimal_public\u00a0\u00bb _builder_version=\u00a0\u00bb4.25.1&Prime; _module_preset=\u00a0\u00bbdefault\u00a0\u00bb title_font=\u00a0\u00bb|700|||||||\u00a0\u00bb title_text_align=\u00a0\u00bbcenter\u00a0\u00bb title_text_color=\u00a0\u00bb#2D2E83&Prime; global_colors_info=\u00a0\u00bb{}\u00a0\u00bb][\/et_pb_heading][\/et_pb_column][\/et_pb_row][et_pb_row column_structure=\u00a0\u00bb1_2,1_2&Prime; _builder_version=\u00a0\u00bb4.25.1&Prime; _module_preset=\u00a0\u00bbdefault\u00a0\u00bb custom_margin=\u00a0\u00bb-18px|auto||auto||\u00a0\u00bb global_colors_info=\u00a0\u00bb{}\u00a0\u00bb][et_pb_column type=\u00a0\u00bb1_2&Prime; _builder_version=\u00a0\u00bb4.25.1&Prime; _module_preset=\u00a0\u00bbdefault\u00a0\u00bb global_colors_info=\u00a0\u00bb{}\u00a0\u00bb][et_pb_text _builder_version=\u00a0\u00bb4.25.1&Prime; _module_preset=\u00a0\u00bbdefault\u00a0\u00bb custom_margin=\u00a0\u00bb1px|||||\u00a0\u00bb custom_padding=\u00a0\u00bb||0px|||\u00a0\u00bb global_colors_info=\u00a0\u00bb{}\u00a0\u00bb]<\/p>\n<p>Petits et grands, \u00e0 poils et \u00e0 plumes, de la nature et de compagnie \u2026, notre large offre de produits et de qualit\u00e9 est sp\u00e9cialement con\u00e7ue pour r\u00e9pondre aux besoins et au bien-\u00eatre de\u00a0<strong>tous vos animaux : chiens, chats, chevaux, animaux de la basse-cour, oiseaux, poissons, sans oublier les passionn\u00e9s et professionnels de l\u2019apiculture<\/strong>.<br \/>Nos \u00e9quipes sont pr\u00e9sentes pour vous aiguiller tout au long de la vie de vos compagnons :\u00a0<strong>alimentation adapt\u00e9e, accessoires et hygi\u00e8ne<\/strong>.<\/p>\n<p><strong>Nous vous proposons de d\u00e9couvrir et adopter notre marque propre YOCK, sp\u00e9cialiste de l&rsquo;animalerie chien\/chat dans le r\u00e9seau Point Vert et garante de notre expertise au profit de vos animaux : nous sommes \u00ab\u00a0Le complice de leur bien-\u00eatre\u00a0\u00bb.<\/strong><\/p>\n<p>Nos 4 magasins sp\u00e9cialis\u00e9s proposent \u00e9galement \u00e0 la vente les marques nationales : Proplan, Royal Canin, Prestige, Pedigree, Felix, Whiskas, Gourmet\u2026<\/p>\n<p>[\/et_pb_text][\/et_pb_column][et_pb_column type=\u00a0\u00bb1_2&Prime; _builder_version=\u00a0\u00bb4.25.1&Prime; _module_preset=\u00a0\u00bbdefault\u00a0\u00bb global_colors_info=\u00a0\u00bb{}\u00a0\u00bb][et_pb_image src=\u00a0\u00bbhttps:\/\/vigorous-bohr.217-160-187-185.plesk.page\/wp-content\/uploads\/2024\/09\/FermeBelicard-232-Large.jpg\u00a0\u00bb title_text=\u00a0\u00bbFermeBelicard-232 (Large)\u00a0\u00bb _builder_version=\u00a0\u00bb4.25.1&Prime; _module_preset=\u00a0\u00bbdefault\u00a0\u00bb width=\u00a0\u00bb60%\u00a0\u00bb custom_margin=\u00a0\u00bb0px||||false|false\u00a0\u00bb global_colors_info=\u00a0\u00bb{}\u00a0\u00bb][\/et_pb_image][\/et_pb_column][\/et_pb_row][et_pb_row column_structure=\u00a0\u00bb1_2,1_2&Prime; _builder_version=\u00a0\u00bb4.25.1&Prime; _module_preset=\u00a0\u00bbdefault\u00a0\u00bb global_colors_info=\u00a0\u00bb{}\u00a0\u00bb][et_pb_column type=\u00a0\u00bb1_2&Prime; _builder_version=\u00a0\u00bb4.25.1&Prime; _module_preset=\u00a0\u00bbdefault\u00a0\u00bb global_colors_info=\u00a0\u00bb{}\u00a0\u00bb][et_pb_heading title=\u00a0\u00bbAlimentation\u00a0\u00bb _builder_version=\u00a0\u00bb4.25.1&Prime; _module_preset=\u00a0\u00bbdefault\u00a0\u00bb title_font=\u00a0\u00bb|700|||||||\u00a0\u00bb title_text_align=\u00a0\u00bbcenter\u00a0\u00bb title_text_color=\u00a0\u00bb#2D2E83&Prime; border_radii=\u00a0\u00bbon|3px|3px|3px|3px\u00a0\u00bb border_width_all=\u00a0\u00bb3px\u00a0\u00bb border_color_all=\u00a0\u00bb#95C11F\u00a0\u00bb box_shadow_style=\u00a0\u00bbpreset3&Prime; global_colors_info=\u00a0\u00bb{}\u00a0\u00bb][\/et_pb_heading][et_pb_heading title=\u00a0\u00bbHygi\u00e8ne &#038; soins\u00a0\u00bb _builder_version=\u00a0\u00bb4.25.1&Prime; _module_preset=\u00a0\u00bbdefault\u00a0\u00bb title_font=\u00a0\u00bb|700|||||||\u00a0\u00bb title_text_align=\u00a0\u00bbcenter\u00a0\u00bb title_text_color=\u00a0\u00bb#2D2E83&Prime; custom_margin=\u00a0\u00bb-20px|||||\u00a0\u00bb border_radii=\u00a0\u00bbon|3px|3px|3px|3px\u00a0\u00bb border_width_all=\u00a0\u00bb3px\u00a0\u00bb border_color_all=\u00a0\u00bb#95C11F\u00a0\u00bb box_shadow_style=\u00a0\u00bbpreset3&Prime; global_colors_info=\u00a0\u00bb{}\u00a0\u00bb][\/et_pb_heading][\/et_pb_column][et_pb_column type=\u00a0\u00bb1_2&Prime; _builder_version=\u00a0\u00bb4.25.1&Prime; _module_preset=\u00a0\u00bbdefault\u00a0\u00bb global_colors_info=\u00a0\u00bb{}\u00a0\u00bb][et_pb_heading title=\u00a0\u00bbMat\u00e9riel\u00a0\u00bb _builder_version=\u00a0\u00bb4.25.1&Prime; _module_preset=\u00a0\u00bbdefault\u00a0\u00bb title_font=\u00a0\u00bb|700|||||||\u00a0\u00bb title_text_align=\u00a0\u00bbcenter\u00a0\u00bb title_text_color=\u00a0\u00bb#2D2E83&Prime; custom_margin=\u00a0\u00bb1px||28px|||\u00a0\u00bb border_radii=\u00a0\u00bbon|3px|3px|3px|3px\u00a0\u00bb border_width_all=\u00a0\u00bb3px\u00a0\u00bb border_color_all=\u00a0\u00bb#95C11F\u00a0\u00bb box_shadow_style=\u00a0\u00bbpreset3&Prime; global_colors_info=\u00a0\u00bb{}\u00a0\u00bb][\/et_pb_heading][et_pb_heading title=\u00a0\u00bbCl\u00f4tures\u00a0\u00bb _builder_version=\u00a0\u00bb4.25.1&Prime; _module_preset=\u00a0\u00bbdefault\u00a0\u00bb title_font=\u00a0\u00bb|700|||||||\u00a0\u00bb title_text_align=\u00a0\u00bbcenter\u00a0\u00bb title_text_color=\u00a0\u00bb#2D2E83&Prime; border_radii=\u00a0\u00bbon|3px|3px|3px|3px\u00a0\u00bb border_width_all=\u00a0\u00bb3px\u00a0\u00bb border_color_all=\u00a0\u00bb#95C11F\u00a0\u00bb box_shadow_style=\u00a0\u00bbpreset3&Prime; global_colors_info=\u00a0\u00bb{}\u00a0\u00bb][\/et_pb_heading][\/et_pb_column][\/et_pb_row][\/et_pb_section]<\/p>\n","protected":false},"excerpt":{"rendered":"<p>Des experts pour r\u00e9pondre au plus pr\u00e8s de vos besoins\u2026 Sur le terrain, nos \u00e9quipes sont \u00e0 vos c\u00f4t\u00e9s pour : &#8211; Satisfaire les besoins en approvisionnement multiples de nos associ\u00e9s coop\u00e9rateurs- Accompagner les \u00e9leveurs dans leur production selon leurs objectifs de rentabilit\u00e9 et de p\u00e9rennit\u00e9. Faire rimer expertise et comp\u00e9titivit\u00e9 : &#8211; Nos experts s\u2019attachent \u00e0 r\u00e9f\u00e9rencer au quotidien un maximum d\u2019\u00e9quipements et de produits afin de r\u00e9pondre au bien-\u00eatre animal et humain des exploitations. S\u2019adapter aux enjeux de demain :- Anticiper les besoins de demain pour s\u2019adapter au mieux aux changements en termes de nutrition, sant\u00e9 animale et rentabilit\u00e9- Favoriser une ad\u00e9quation parfaite entre l\u2019\u00e9leveur, l\u2019animal et la production. En bref, vous apporter notre soutien et notre expertise pour vous simplifier la t\u00e2che en assurant confort de vie de vos animaux, hygi\u00e8ne des \u00e9levages et autonomie alimentaire (fourrag\u00e8re et prot\u00e9ique).Un large r\u00e9seau de partenaires pour une meilleure ad\u00e9quation \u00e0 chaque \u00e9levage Nous commercialisons aupr\u00e8s des agriculteurs toutes les agrofournitures locales et nationales n\u00e9cessaires \u00e0 leurs productions\u00a0: bovin lait, bovin viande, volaille, caprin, ovin, \u00e9quin\u2026 Produits de nutrition : aliments compos\u00e9s, mati\u00e8res premi\u00e8res (lait, tourteaux,\u2026), compl\u00e9ments, min\u00e9raux, sels,\u2026 Equipements d\u2019\u00e9levage : cornadis, logettes, barri\u00e8res, poteaux, piquets de cl\u00f4tures, r\u00e2teliers, [&hellip;]<\/p>\n","protected":false},"author":1,"featured_media":0,"parent":0,"menu_order":0,"comment_status":"closed","ping_status":"closed","template":"","meta":{"_et_pb_use_builder":"on","_et_pb_old_content":"","_et_gb_content_width":"","footnotes":""},"class_list":["post-283","page","type-page","status-publish","hentry"],"_links":{"self":[{"href":"https:\/\/diffusagri.fr\/index.php?rest_route=\/wp\/v2\/pages\/283","targetHints":{"allow":["GET"]}}],"collection":[{"href":"https:\/\/diffusagri.fr\/index.php?rest_route=\/wp\/v2\/pages"}],"about":[{"href":"https:\/\/diffusagri.fr\/index.php?rest_route=\/wp\/v2\/types\/page"}],"author":[{"embeddable":true,"href":"https:\/\/diffusagri.fr\/index.php?rest_route=\/wp\/v2\/users\/1"}],"replies":[{"embeddable":true,"href":"https:\/\/diffusagri.fr\/index.php?rest_route=%2Fwp%2Fv2%2Fcomments&post=283"}],"version-history":[{"count":57,"href":"https:\/\/diffusagri.fr\/index.php?rest_route=\/wp\/v2\/pages\/283\/revisions"}],"predecessor-version":[{"id":1409,"href":"https:\/\/diffusagri.fr\/index.php?rest_route=\/wp\/v2\/pages\/283\/revisions\/1409"}],"wp:attachment":[{"href":"https:\/\/diffusagri.fr\/index.php?rest_route=%2Fwp%2Fv2%2Fmedia&parent=283"}],"curies":[{"name":"wp","href":"https:\/\/api.w.org\/{rel}","templated":true}]}}