{"id":304,"date":"2024-06-17T15:19:06","date_gmt":"2024-06-17T15:19:06","guid":{"rendered":"https:\/\/vigorous-bohr.217-160-187-185.plesk.page\/?page_id=304"},"modified":"2024-06-17T15:22:17","modified_gmt":"2024-06-17T15:22:17","slug":"mentions-legales","status":"publish","type":"page","link":"https:\/\/diffusagri.fr\/?page_id=304","title":{"rendered":"Mentions L\u00e9gales"},"content":{"rendered":"<p>[et_pb_section fb_built=\u00a0\u00bb1&Prime; theme_builder_area=\u00a0\u00bbpost_content\u00a0\u00bb _builder_version=\u00a0\u00bb4.25.1&Prime; _module_preset=\u00a0\u00bbdefault\u00a0\u00bb][et_pb_row _builder_version=\u00a0\u00bb4.25.1&Prime; _module_preset=\u00a0\u00bbdefault\u00a0\u00bb theme_builder_area=\u00a0\u00bbpost_content\u00a0\u00bb][et_pb_column _builder_version=\u00a0\u00bb4.25.1&Prime; _module_preset=\u00a0\u00bbdefault\u00a0\u00bb type=\u00a0\u00bb4_4&Prime; theme_builder_area=\u00a0\u00bbpost_content\u00a0\u00bb][et_pb_heading title=\u00a0\u00bbMentions L\u00e9gales\u00a0\u00bb _builder_version=\u00a0\u00bb4.25.1&Prime; _module_preset=\u00a0\u00bbdefault\u00a0\u00bb theme_builder_area=\u00a0\u00bbpost_content\u00a0\u00bb hover_enabled=\u00a0\u00bb0&Prime; sticky_enabled=\u00a0\u00bb0&Prime;][\/et_pb_heading][et_pb_text _builder_version=\u00a0\u00bb4.25.1&Prime; _module_preset=\u00a0\u00bbdefault\u00a0\u00bb theme_builder_area=\u00a0\u00bbpost_content\u00a0\u00bb hover_enabled=\u00a0\u00bb0&Prime; sticky_enabled=\u00a0\u00bb0&Prime;]<\/p>\n<p><strong><em>Diffus<\/em>&lsquo;Agri<\/strong><br \/>Les communaux<br \/>01960 Servas<\/p>\n<p>N\u00b0 Siret : 0000000000<\/p>\n<p>Les informations ci dessous d\u00e9finissent les termes et conditions d\u2019utilisation et d\u2019administration de ce site internet.<br \/>Veuillez prendre connaissance de ces informations avant d\u2019utiliser le site www.presta-inoc.ch<br \/>En consultant ce site, vous acceptez les conditions d\u2019utilisation d\u00e9crites ci-dessous.<br \/><strong><em>Diffus<\/em>&lsquo;Agri<\/strong><span>\u00a0<\/span>se r\u00e9serve le droit de modifier ces conditions \u00e0 tout moment sans pr\u00e9avis.<\/p>\n<p>Les services administratifs ainsi que les encadrants, disposent de moyens informatiques destin\u00e9s \u00e0 g\u00e9rer plus facilement la gestion de l\u2019activit\u00e9 et l\u2019organisation du personnel.<br \/>Les informations enregistr\u00e9es sont r\u00e9serv\u00e9es \u00e0 l\u2019usage des services concern\u00e9s et ne peuvent \u00eatre communiqu\u00e9es \u00e0 des tiers.<br \/>Conform\u00e9ment aux articles 39 et suivants de la loi n\u00b0 78-17 du 6 janvier 1978 modifi\u00e9e en 2004 relative \u00e0 l\u2019informatique, aux fichiers et aux libert\u00e9s, toute personne peut obtenir communication et, le cas \u00e9ch\u00e9ant, rectification ou suppression des informations la concernant, en s\u2019adressant au responsable du service informatique ou du webmaster du site concern\u00e9.<\/p>\n<p>Le pr\u00e9sent site internet est fourni par la soci\u00e9t\u00e9 Freecomcr\u00e9a immatricul\u00e9e au RCS de Bourg en Bresse, 48104985600059.<br \/>Son si\u00e8ge social est fix\u00e9 \u00e0 l\u2019adresse : 87 rue Yves Klein \u2013 01000 Bourg-en-Bresse en France<\/p>\n<p><em>Directeur de publication :<\/em><span>\u00a0<\/span>Nelly Duvermy<br \/><em>Webmaster :<\/em>\u00a0Rodolphe Vassallo<\/p>\n<p><em>H\u00e9bergeur :<\/em>\u00a0IONOS<br \/>7 PL DE LA GARE<br \/>57200 SARREGUEMINES<br \/><a href=\"https:\/\/www.ionos.fr\/\">https:\/\/www.ionos.fr<\/a><\/p>\n<p><u>Propri\u00e9t\u00e9 intellectuelle<\/u><br \/>L\u2019ensemble de ce site rel\u00e8ve des l\u00e9gislations fran\u00e7aises et internationales sur le droit d\u2019auteur et la propri\u00e9t\u00e9 intellectuelle. Tous les droits de reproduction sont r\u00e9serv\u00e9s, y compris pour les documents iconographiques et photographiques.<br \/>L\u2019ensemble des \u00e9l\u00e9ments pr\u00e9sents sur ce site, contenus, textes, multim\u00e9dias (son, vid\u00e9os, flash, etc.), \u00e9l\u00e9ments graphiques, y compris la conception et la forme du site\u00a0<strong>www.diffusagri.fr<\/strong>\u00a0sont la propri\u00e9t\u00e9 exclusive de la soci\u00e9t\u00e9 Presta-inox ou celle de tiers ayant autoris\u00e9 leur utilisation.<br \/>Les marques et logos de la soci\u00e9t\u00e9 et de ses partenaires et clients figurant sur le site sont des marques d\u00e9pos\u00e9es appartenant \u00e0 des tiers et prot\u00e9g\u00e9es \u00e0 ce titre par le droit de la propri\u00e9t\u00e9 intellectuelle. En vertu des articles L. 713-2 et suivant du Code de la Propri\u00e9t\u00e9 Intellectuelle, sont interdites, sauf d\u00e9rogation sp\u00e9ciale aupr\u00e8s de<span>\u00a0<\/span><strong><em>Diffus<\/em>&lsquo;Agri<\/strong><\/p>\n<p><u>Protection des donn\u00e9es personnelles<\/u><br \/>Conform\u00e9ment \u00e0 la loi \u00ab Informatique et Libert\u00e9 \u00bb du 6 janvier 1978, vous disposez d\u2019un droit permanent d\u2019opposition, d\u2019acc\u00e8s, de rectification et de suppression de l\u2019ensemble des donn\u00e9es collect\u00e9es vous concernant. Pour l\u2019exercer, vous pouvez envoyer un courrier \u00e9lectronique \u00e0\u00a0<a href=\"mailto:contact@comunikaxion.fr\">contact@freecomcrea.fr<\/a>\u00a0ou un courrier postal \u00e0 l\u2019adresse :<\/p>\n<p>Freecomcr\u00e9a \u2013 87 rue Yves Klein BAT C \u2013 01000 Bourg-en-Bresse<\/p>\n<p><u>Confidentialit\u00e9 des donn\u00e9es<\/u><br \/>Seules les personnes autoris\u00e9es peuvent acc\u00e9der aux donn\u00e9es personnelles contenues dans un fichier. Il s\u2019agit des destinataires explicitement d\u00e9sign\u00e9s pour en obtenir r\u00e9guli\u00e8rement communication et des \u00abtiers autoris\u00e9s\u00bb ayant qualit\u00e9 pour les recevoir de fa\u00e7on ponctuelle et motiv\u00e9e (ex. : police, services fiscaux\u2026).\u00a0<em>(art. 226-22 du code p\u00e9nal)<\/em><\/p>\n<p>[\/et_pb_text][\/et_pb_column][\/et_pb_row][\/et_pb_section]<\/p>\n","protected":false},"excerpt":{"rendered":"<p>Diffus&rsquo;AgriLes communaux01960 Servas N\u00b0 Siret : 0000000000 Les informations ci dessous d\u00e9finissent les termes et conditions d\u2019utilisation et d\u2019administration de ce site internet.Veuillez prendre connaissance de ces informations avant d\u2019utiliser le site www.presta-inoc.chEn consultant ce site, vous acceptez les conditions d\u2019utilisation d\u00e9crites ci-dessous.Diffus&rsquo;Agri\u00a0se r\u00e9serve le droit de modifier ces conditions \u00e0 tout moment sans pr\u00e9avis. Les services administratifs ainsi que les encadrants, disposent de moyens informatiques destin\u00e9s \u00e0 g\u00e9rer plus facilement la gestion de l\u2019activit\u00e9 et l\u2019organisation du personnel.Les informations enregistr\u00e9es sont r\u00e9serv\u00e9es \u00e0 l\u2019usage des services concern\u00e9s et ne peuvent \u00eatre communiqu\u00e9es \u00e0 des tiers.Conform\u00e9ment aux articles 39 et suivants de la loi n\u00b0 78-17 du 6 janvier 1978 modifi\u00e9e en 2004 relative \u00e0 l\u2019informatique, aux fichiers et aux libert\u00e9s, toute personne peut obtenir communication et, le cas \u00e9ch\u00e9ant, rectification ou suppression des informations la concernant, en s\u2019adressant au responsable du service informatique ou du webmaster du site concern\u00e9. Le pr\u00e9sent site internet est fourni par la soci\u00e9t\u00e9 Freecomcr\u00e9a immatricul\u00e9e au RCS de Bourg en Bresse, 48104985600059.Son si\u00e8ge social est fix\u00e9 \u00e0 l\u2019adresse : 87 rue Yves Klein \u2013 01000 Bourg-en-Bresse en France Directeur de publication :\u00a0Nelly DuvermyWebmaster :\u00a0Rodolphe Vassallo H\u00e9bergeur :\u00a0IONOS7 PL DE LA GARE57200 SARREGUEMINEShttps:\/\/www.ionos.fr Propri\u00e9t\u00e9 intellectuelleL\u2019ensemble [&hellip;]<\/p>\n","protected":false},"author":1,"featured_media":0,"parent":0,"menu_order":0,"comment_status":"closed","ping_status":"closed","template":"","meta":{"_et_pb_use_builder":"on","_et_pb_old_content":"","_et_gb_content_width":"","footnotes":""},"class_list":["post-304","page","type-page","status-publish","hentry"],"_links":{"self":[{"href":"https:\/\/diffusagri.fr\/index.php?rest_route=\/wp\/v2\/pages\/304","targetHints":{"allow":["GET"]}}],"collection":[{"href":"https:\/\/diffusagri.fr\/index.php?rest_route=\/wp\/v2\/pages"}],"about":[{"href":"https:\/\/diffusagri.fr\/index.php?rest_route=\/wp\/v2\/types\/page"}],"author":[{"embeddable":true,"href":"https:\/\/diffusagri.fr\/index.php?rest_route=\/wp\/v2\/users\/1"}],"replies":[{"embeddable":true,"href":"https:\/\/diffusagri.fr\/index.php?rest_route=%2Fwp%2Fv2%2Fcomments&post=304"}],"version-history":[{"count":3,"href":"https:\/\/diffusagri.fr\/index.php?rest_route=\/wp\/v2\/pages\/304\/revisions"}],"predecessor-version":[{"id":307,"href":"https:\/\/diffusagri.fr\/index.php?rest_route=\/wp\/v2\/pages\/304\/revisions\/307"}],"wp:attachment":[{"href":"https:\/\/diffusagri.fr\/index.php?rest_route=%2Fwp%2Fv2%2Fmedia&parent=304"}],"curies":[{"name":"wp","href":"https:\/\/api.w.org\/{rel}","templated":true}]}}