{"id":315,"date":"2024-06-18T08:52:56","date_gmt":"2024-06-18T08:52:56","guid":{"rendered":"https:\/\/vigorous-bohr.217-160-187-185.plesk.page\/?page_id=315"},"modified":"2024-12-02T11:06:49","modified_gmt":"2024-12-02T11:06:49","slug":"lunivers-vegetal-2","status":"publish","type":"page","link":"https:\/\/diffusagri.fr\/?page_id=315","title":{"rendered":"L&rsquo;univers V\u00e9g\u00e9tal"},"content":{"rendered":"<p>[et_pb_section fb_built=\u00a0\u00bb1&Prime; _builder_version=\u00a0\u00bb4.25.1&Prime; _module_preset=\u00a0\u00bbdefault\u00a0\u00bb global_colors_info=\u00a0\u00bb{}\u00a0\u00bb][et_pb_row _builder_version=\u00a0\u00bb4.25.1&Prime; _module_preset=\u00a0\u00bbdefault\u00a0\u00bb custom_padding=\u00a0\u00bb43px|||||\u00a0\u00bb global_colors_info=\u00a0\u00bb{}\u00a0\u00bb][et_pb_column type=\u00a0\u00bb4_4&Prime; _builder_version=\u00a0\u00bb4.25.1&Prime; _module_preset=\u00a0\u00bbdefault\u00a0\u00bb global_colors_info=\u00a0\u00bb{}\u00a0\u00bb][et_pb_divider show_divider=\u00a0\u00bboff\u00a0\u00bb module_id=\u00a0\u00bbvegetalpro\u00a0\u00bb _builder_version=\u00a0\u00bb4.25.1&Prime; _module_preset=\u00a0\u00bbdefault\u00a0\u00bb global_colors_info=\u00a0\u00bb{}\u00a0\u00bb][\/et_pb_divider][et_pb_heading title=\u00a0\u00bbL&rsquo;univers v\u00e9g\u00e9tal professionnel\u00a0\u00bb _builder_version=\u00a0\u00bb4.25.1&Prime; _module_preset=\u00a0\u00bbdefault\u00a0\u00bb title_font=\u00a0\u00bb|700|||||||\u00a0\u00bb title_text_align=\u00a0\u00bbcenter\u00a0\u00bb title_text_color=\u00a0\u00bb#2D2E83&Prime; custom_margin=\u00a0\u00bb35px|||||\u00a0\u00bb global_colors_info=\u00a0\u00bb{}\u00a0\u00bb][\/et_pb_heading][\/et_pb_column][\/et_pb_row][et_pb_row column_structure=\u00a0\u00bb1_2,1_2&Prime; _builder_version=\u00a0\u00bb4.25.1&Prime; _module_preset=\u00a0\u00bbdefault\u00a0\u00bb global_colors_info=\u00a0\u00bb{}\u00a0\u00bb][et_pb_column type=\u00a0\u00bb1_2&Prime; _builder_version=\u00a0\u00bb4.25.1&Prime; _module_preset=\u00a0\u00bbdefault\u00a0\u00bb global_colors_info=\u00a0\u00bb{}\u00a0\u00bb][et_pb_image src=\u00a0\u00bbhttps:\/\/vigorous-bohr.217-160-187-185.plesk.page\/wp-content\/uploads\/2024\/11\/vegetal.png\u00a0\u00bb title_text=\u00a0\u00bbvegetal\u00a0\u00bb align=\u00a0\u00bbcenter\u00a0\u00bb _builder_version=\u00a0\u00bb4.25.1&Prime; _module_preset=\u00a0\u00bbdefault\u00a0\u00bb width=\u00a0\u00bb88%\u00a0\u00bb module_alignment=\u00a0\u00bbright\u00a0\u00bb custom_margin=\u00a0\u00bb9px||||false|false\u00a0\u00bb global_colors_info=\u00a0\u00bb{}\u00a0\u00bb][\/et_pb_image][et_pb_text _builder_version=\u00a0\u00bb4.25.1&Prime; _module_preset=\u00a0\u00bbdefault\u00a0\u00bb custom_padding=\u00a0\u00bb179px|||||\u00a0\u00bb global_colors_info=\u00a0\u00bb{}\u00a0\u00bb]<\/p>\n<p>&nbsp;<\/p>\n<p><strong>COLLECTER\u00a0: proximit\u00e9 et flexibilit\u00e9<\/strong><\/p>\n<p>La coop\u00e9rative agricole DIFFUS\u2019AGRI est dot\u00e9e d\u2019outils de collecte et stockage de grain permettant \u00e0 chaque agriculteur de maitriser la commercialisation de ses propres productions.<\/p>\n<p>Avec trois lieux de collecte et deux silos de stockage la filiale SERV\u2019AGRI assure le travail du grain, et sa mise sur le march\u00e9 certifi\u00e9e.<\/p>\n<p>[\/et_pb_text][et_pb_image src=\u00a0\u00bbhttps:\/\/vigorous-bohr.217-160-187-185.plesk.page\/wp-content\/uploads\/2024\/10\/logo_servagri_2024_vf.png\u00a0\u00bb title_text=\u00a0\u00bblogo_servagri_2024_vf\u00a0\u00bb _builder_version=\u00a0\u00bb4.25.1&Prime; _module_preset=\u00a0\u00bbdefault\u00a0\u00bb width=\u00a0\u00bb34%\u00a0\u00bb module_alignment=\u00a0\u00bbcenter\u00a0\u00bb global_colors_info=\u00a0\u00bb{}\u00a0\u00bb][\/et_pb_image][\/et_pb_column][et_pb_column type=\u00a0\u00bb1_2&Prime; _builder_version=\u00a0\u00bb4.25.1&Prime; _module_preset=\u00a0\u00bbdefault\u00a0\u00bb global_colors_info=\u00a0\u00bb{}\u00a0\u00bb][et_pb_text _builder_version=\u00a0\u00bb4.25.1&Prime; _module_preset=\u00a0\u00bbdefault\u00a0\u00bb global_colors_info=\u00a0\u00bb{}\u00a0\u00bb]<\/p>\n<p>L\u2019activit\u00e9 li\u00e9e \u00e0 la production v\u00e9g\u00e9tale est l\u2019un des deux axes, avec la production animale, de la gen\u00e8se de DIFFUS\u2019AGRI. Il s&rsquo;agit aujourd\u2019hui de l\u2019orientation principale d\u2019\u00e9volution du territoire de la coop\u00e9rative.<\/p>\n<p><strong><em>Une dynamique de service et d\u2019expertise en approvisionnement <\/em><\/strong><\/p>\n<p>Notre maitre mot : adaptabilit\u00e9 ! Nous vous proposons une expertise du sol et du vivant , et nous nous adaptons aux besoins de vos exploitations agricoles.<\/p>\n<p><strong><em>Une r\u00e9ponse adapt\u00e9e pour r\u00e9pondre aux exigences soci\u00e9tales et environnementales <\/em><\/strong><\/p>\n<p>Nous accompagnons les agriculteurs dans leurs productions en se basant sur une vision \u00e0 long terme et concentr\u00e9e sur le sol.<\/p>\n<p><strong>PRODUIRE : expertise et adaptabilit\u00e9<\/strong><\/p>\n<p>En s\u2019appuyant sur une veille permanente et sur de nombreuses exp\u00e9rimentations locales et nationales, notre \u00e9quipe utilise des approches multiples d\u2019agriculture afin de produire de mani\u00e8re performante et responsable.<\/p>\n<p>Nous commercialisons aupr\u00e8s des agriculteurs toutes les agrofournitures n\u00e9cessaires \u00e0 leurs productions\u00a0: bl\u00e9, orge, triticale, colza, tournesol, soja, ma\u00efs, herbe, fourrage, interculture, \u2026<\/p>\n<ul>\n<li>Semences<\/li>\n<li>Fertilisation des cultures<\/li>\n<li>Produits de sant\u00e9 v\u00e9g\u00e9tale<\/li>\n<li>Services et accompagnements adapt\u00e9s\u2026<\/li>\n<li>Expertise des sols<\/li>\n<\/ul>\n<p><em>L\u2019avenir n\u2019est pas \u00e0 pr\u00e9dire mais \u00e0 pr\u00e9parer \u2026 <\/em><\/p>\n<p>[\/et_pb_text][et_pb_image src=\u00a0\u00bbhttps:\/\/vigorous-bohr.217-160-187-185.plesk.page\/wp-content\/uploads\/2024\/09\/2024-07-29-PRO-DIFFUSAGRI-PART1-0161-Large.jpg\u00a0\u00bb title_text=\u00a0\u00bb2024-07-29-PRO-DIFFUSAGRI-PART1-0161 (Large)\u00a0\u00bb _builder_version=\u00a0\u00bb4.25.1&Prime; _module_preset=\u00a0\u00bbdefault\u00a0\u00bb width=\u00a0\u00bb70%\u00a0\u00bb module_alignment=\u00a0\u00bbleft\u00a0\u00bb custom_margin=\u00a0\u00bb-22px|||||\u00a0\u00bb global_colors_info=\u00a0\u00bb{}\u00a0\u00bb][\/et_pb_image][\/et_pb_column][\/et_pb_row][et_pb_row _builder_version=\u00a0\u00bb4.25.1&Prime; _module_preset=\u00a0\u00bbdefault\u00a0\u00bb custom_padding=\u00a0\u00bb||3px|||\u00a0\u00bb global_colors_info=\u00a0\u00bb{}\u00a0\u00bb][et_pb_column type=\u00a0\u00bb4_4&Prime; _builder_version=\u00a0\u00bb4.25.1&Prime; _module_preset=\u00a0\u00bbdefault\u00a0\u00bb global_colors_info=\u00a0\u00bb{}\u00a0\u00bb][et_pb_divider color=\u00a0\u00bb#95C11F\u00a0\u00bb divider_weight=\u00a0\u00bb5px\u00a0\u00bb _builder_version=\u00a0\u00bb4.25.1&Prime; _module_preset=\u00a0\u00bbdefault\u00a0\u00bb global_colors_info=\u00a0\u00bb{}\u00a0\u00bb][\/et_pb_divider][et_pb_heading title=\u00a0\u00bbL&rsquo;univers v\u00e9g\u00e9tal grand public\u00a0\u00bb module_id=\u00a0\u00bbvegetal_public\u00a0\u00bb _builder_version=\u00a0\u00bb4.25.1&Prime; _module_preset=\u00a0\u00bbdefault\u00a0\u00bb title_font=\u00a0\u00bb|700|||||||\u00a0\u00bb title_text_align=\u00a0\u00bbcenter\u00a0\u00bb title_text_color=\u00a0\u00bb#2D2E83&Prime; hover_enabled=\u00a0\u00bb0&Prime; global_colors_info=\u00a0\u00bb{}\u00a0\u00bb sticky_enabled=\u00a0\u00bb0&Prime;][\/et_pb_heading][\/et_pb_column][\/et_pb_row][et_pb_row column_structure=\u00a0\u00bb1_2,1_2&Prime; _builder_version=\u00a0\u00bb4.25.1&Prime; _module_preset=\u00a0\u00bbdefault\u00a0\u00bb global_colors_info=\u00a0\u00bb{}\u00a0\u00bb][et_pb_column type=\u00a0\u00bb1_2&Prime; _builder_version=\u00a0\u00bb4.25.1&Prime; _module_preset=\u00a0\u00bbdefault\u00a0\u00bb global_colors_info=\u00a0\u00bb{}\u00a0\u00bb][et_pb_text _builder_version=\u00a0\u00bb4.25.1&Prime; _module_preset=\u00a0\u00bbdefault\u00a0\u00bb custom_padding=\u00a0\u00bb0px|||||\u00a0\u00bb global_colors_info=\u00a0\u00bb{}\u00a0\u00bb]<\/p>\n<h2 style=\"text-align: justify;\"><strong><em>\u00ab\u00a0La Nature est notre m\u00e9tier\u00a0\u00bb<\/em><\/strong><\/h2>\n<p style=\"text-align: justify;\"><strong><em><\/em><\/strong><\/p>\n<p>Nous avons r\u00e9uni tous les produits du jardin, nos comp\u00e9tences et nos conseils pour vous permettre en un claquement de doigt de semer, tailler, planter, nourrir, pailler, b\u00eacher, composter ou encore amender : tout simplement, prendre du plaisir \u00e0 \u00eatre au contact de la Nature \u2026<\/p>\n<p>Nos 4 magasins sp\u00e9cialis\u00e9s proposent tout ce dont vous pourriez avoir besoin pour vos plantations, et vous accompagnent dans vos projets d&rsquo;am\u00e9nagement ext\u00e9rieur : cl\u00f4ture et occultation de votre terrain, travaux de construction et d\u00e9coration de votre jardin.<\/p>\n<p>Retrouvez dans nos magasins notre marque propre TERAGILE sur une large s\u00e9lection de produits de jardin, synonyme de notre engagement pour et aupr\u00e8s de vous.<\/p>\n<p>[\/et_pb_text][\/et_pb_column][et_pb_column type=\u00a0\u00bb1_2&Prime; _builder_version=\u00a0\u00bb4.25.1&Prime; _module_preset=\u00a0\u00bbdefault\u00a0\u00bb global_colors_info=\u00a0\u00bb{}\u00a0\u00bb][et_pb_image src=\u00a0\u00bbhttps:\/\/vigorous-bohr.217-160-187-185.plesk.page\/wp-content\/uploads\/2024\/10\/20241002_105829-2-Large.jpg\u00a0\u00bb title_text=\u00a0\u00bb20241002_105829-2 (Large)\u00a0\u00bb align=\u00a0\u00bbcenter\u00a0\u00bb _builder_version=\u00a0\u00bb4.25.1&Prime; _module_preset=\u00a0\u00bbdefault\u00a0\u00bb width=\u00a0\u00bb67%\u00a0\u00bb module_alignment=\u00a0\u00bbleft\u00a0\u00bb custom_margin=\u00a0\u00bb0px||||false|false\u00a0\u00bb global_colors_info=\u00a0\u00bb{}\u00a0\u00bb][\/et_pb_image][\/et_pb_column][\/et_pb_row][et_pb_row column_structure=\u00a0\u00bb1_2,1_2&Prime; _builder_version=\u00a0\u00bb4.25.1&Prime; _module_preset=\u00a0\u00bbdefault\u00a0\u00bb custom_padding=\u00a0\u00bb22px|||||\u00a0\u00bb global_colors_info=\u00a0\u00bb{}\u00a0\u00bb][et_pb_column type=\u00a0\u00bb1_2&Prime; _builder_version=\u00a0\u00bb4.25.1&Prime; _module_preset=\u00a0\u00bbdefault\u00a0\u00bb global_colors_info=\u00a0\u00bb{}\u00a0\u00bb][et_pb_heading title=\u00a0\u00bbGraines &#038; plan\u00e7ons\u00a0\u00bb _builder_version=\u00a0\u00bb4.25.1&Prime; _module_preset=\u00a0\u00bbdefault\u00a0\u00bb title_font=\u00a0\u00bb|700|||||||\u00a0\u00bb title_text_align=\u00a0\u00bbcenter\u00a0\u00bb title_text_color=\u00a0\u00bb#2D2E83&Prime; hover_enabled=\u00a0\u00bb0&Prime; border_radii=\u00a0\u00bbon|3px|3px|3px|3px\u00a0\u00bb border_width_all=\u00a0\u00bb3px\u00a0\u00bb border_color_all=\u00a0\u00bb#95C11F\u00a0\u00bb box_shadow_style=\u00a0\u00bbpreset3&Prime; global_colors_info=\u00a0\u00bb{}\u00a0\u00bb sticky_enabled=\u00a0\u00bb0&Prime;][\/et_pb_heading][et_pb_heading title=\u00a0\u00bbArbres &#038; plantes\u00a0\u00bb _builder_version=\u00a0\u00bb4.25.1&Prime; _module_preset=\u00a0\u00bbdefault\u00a0\u00bb title_font=\u00a0\u00bb|700|||||||\u00a0\u00bb title_text_align=\u00a0\u00bbcenter\u00a0\u00bb title_text_color=\u00a0\u00bb#2D2E83&Prime; custom_margin=\u00a0\u00bb||||false|false\u00a0\u00bb border_radii=\u00a0\u00bbon|3px|3px|3px|3px\u00a0\u00bb border_width_all=\u00a0\u00bb3px\u00a0\u00bb border_color_all=\u00a0\u00bb#95C11F\u00a0\u00bb box_shadow_style=\u00a0\u00bbpreset3&Prime; global_colors_info=\u00a0\u00bb{}\u00a0\u00bb][\/et_pb_heading][\/et_pb_column][et_pb_column type=\u00a0\u00bb1_2&Prime; _builder_version=\u00a0\u00bb4.25.1&Prime; _module_preset=\u00a0\u00bbdefault\u00a0\u00bb global_colors_info=\u00a0\u00bb{}\u00a0\u00bb][et_pb_heading title=\u00a0\u00bbOutillage\u00a0\u00bb _builder_version=\u00a0\u00bb4.25.1&Prime; _module_preset=\u00a0\u00bbdefault\u00a0\u00bb title_font=\u00a0\u00bb|700|||||||\u00a0\u00bb title_text_align=\u00a0\u00bbcenter\u00a0\u00bb title_text_color=\u00a0\u00bb#2D2E83&Prime; custom_margin=\u00a0\u00bb-2px|||||\u00a0\u00bb border_radii=\u00a0\u00bbon|3px|3px|3px|3px\u00a0\u00bb border_width_all=\u00a0\u00bb3px\u00a0\u00bb border_color_all=\u00a0\u00bb#95C11F\u00a0\u00bb box_shadow_style=\u00a0\u00bbpreset3&Prime; global_colors_info=\u00a0\u00bb{}\u00a0\u00bb][\/et_pb_heading][et_pb_heading title=\u00a0\u00bbHabillement\u00a0\u00bb _builder_version=\u00a0\u00bb4.25.1&Prime; _module_preset=\u00a0\u00bbdefault\u00a0\u00bb title_font=\u00a0\u00bb|700|||||||\u00a0\u00bb title_text_align=\u00a0\u00bbcenter\u00a0\u00bb title_text_color=\u00a0\u00bb#2D2E83&Prime; custom_margin=\u00a0\u00bb||||false|false\u00a0\u00bb border_radii=\u00a0\u00bbon|3px|3px|3px|3px\u00a0\u00bb border_width_all=\u00a0\u00bb3px\u00a0\u00bb border_color_all=\u00a0\u00bb#95C11F\u00a0\u00bb box_shadow_style=\u00a0\u00bbpreset3&Prime; global_colors_info=\u00a0\u00bb{}\u00a0\u00bb][\/et_pb_heading][\/et_pb_column][\/et_pb_row][\/et_pb_section]<\/p>\n","protected":false},"excerpt":{"rendered":"<p>&nbsp; COLLECTER\u00a0: proximit\u00e9 et flexibilit\u00e9 La coop\u00e9rative agricole DIFFUS\u2019AGRI est dot\u00e9e d\u2019outils de collecte et stockage de grain permettant \u00e0 chaque agriculteur de maitriser la commercialisation de ses propres productions. Avec trois lieux de collecte et deux silos de stockage la filiale SERV\u2019AGRI assure le travail du grain, et sa mise sur le march\u00e9 certifi\u00e9e.L\u2019activit\u00e9 li\u00e9e \u00e0 la production v\u00e9g\u00e9tale est l\u2019un des deux axes, avec la production animale, de la gen\u00e8se de DIFFUS\u2019AGRI. Il s&rsquo;agit aujourd\u2019hui de l\u2019orientation principale d\u2019\u00e9volution du territoire de la coop\u00e9rative. Une dynamique de service et d\u2019expertise en approvisionnement Notre maitre mot : adaptabilit\u00e9 ! Nous vous proposons une expertise du sol et du vivant , et nous nous adaptons aux besoins de vos exploitations agricoles. Une r\u00e9ponse adapt\u00e9e pour r\u00e9pondre aux exigences soci\u00e9tales et environnementales Nous accompagnons les agriculteurs dans leurs productions en se basant sur une vision \u00e0 long terme et concentr\u00e9e sur le sol. PRODUIRE : expertise et adaptabilit\u00e9 En s\u2019appuyant sur une veille permanente et sur de nombreuses exp\u00e9rimentations locales et nationales, notre \u00e9quipe utilise des approches multiples d\u2019agriculture afin de produire de mani\u00e8re performante et responsable. Nous commercialisons aupr\u00e8s des agriculteurs toutes les agrofournitures n\u00e9cessaires \u00e0 leurs productions\u00a0: bl\u00e9, orge, [&hellip;]<\/p>\n","protected":false},"author":1,"featured_media":0,"parent":0,"menu_order":0,"comment_status":"closed","ping_status":"closed","template":"","meta":{"_et_pb_use_builder":"on","_et_pb_old_content":"","_et_gb_content_width":"","footnotes":""},"class_list":["post-315","page","type-page","status-publish","hentry"],"_links":{"self":[{"href":"https:\/\/diffusagri.fr\/index.php?rest_route=\/wp\/v2\/pages\/315","targetHints":{"allow":["GET"]}}],"collection":[{"href":"https:\/\/diffusagri.fr\/index.php?rest_route=\/wp\/v2\/pages"}],"about":[{"href":"https:\/\/diffusagri.fr\/index.php?rest_route=\/wp\/v2\/types\/page"}],"author":[{"embeddable":true,"href":"https:\/\/diffusagri.fr\/index.php?rest_route=\/wp\/v2\/users\/1"}],"replies":[{"embeddable":true,"href":"https:\/\/diffusagri.fr\/index.php?rest_route=%2Fwp%2Fv2%2Fcomments&post=315"}],"version-history":[{"count":56,"href":"https:\/\/diffusagri.fr\/index.php?rest_route=\/wp\/v2\/pages\/315\/revisions"}],"predecessor-version":[{"id":1441,"href":"https:\/\/diffusagri.fr\/index.php?rest_route=\/wp\/v2\/pages\/315\/revisions\/1441"}],"wp:attachment":[{"href":"https:\/\/diffusagri.fr\/index.php?rest_route=%2Fwp%2Fv2%2Fmedia&parent=315"}],"curies":[{"name":"wp","href":"https:\/\/api.w.org\/{rel}","templated":true}]}}