{"id":322,"date":"2024-06-18T09:02:05","date_gmt":"2024-06-18T09:02:05","guid":{"rendered":"https:\/\/vigorous-bohr.217-160-187-185.plesk.page\/?page_id=322"},"modified":"2024-11-15T14:29:22","modified_gmt":"2024-11-15T14:29:22","slug":"vos-besoins-en-energie","status":"publish","type":"page","link":"https:\/\/diffusagri.fr\/?page_id=322","title":{"rendered":"Vos besoins en Energie"},"content":{"rendered":"<p>[et_pb_section fb_built=\u00a0\u00bb1&Prime; _builder_version=\u00a0\u00bb4.25.1&Prime; _module_preset=\u00a0\u00bbdefault\u00a0\u00bb global_colors_info=\u00a0\u00bb{}\u00a0\u00bb][et_pb_row _builder_version=\u00a0\u00bb4.25.1&Prime; _module_preset=\u00a0\u00bbdefault\u00a0\u00bb global_colors_info=\u00a0\u00bb{}\u00a0\u00bb][et_pb_column type=\u00a0\u00bb4_4&Prime; _builder_version=\u00a0\u00bb4.25.1&Prime; _module_preset=\u00a0\u00bbdefault\u00a0\u00bb global_colors_info=\u00a0\u00bb{}\u00a0\u00bb][et_pb_divider show_divider=\u00a0\u00bboff\u00a0\u00bb module_id=\u00a0\u00bbenergiepro\u00a0\u00bb _builder_version=\u00a0\u00bb4.25.1&Prime; _module_preset=\u00a0\u00bbdefault\u00a0\u00bb custom_padding=\u00a0\u00bb||35px|||\u00a0\u00bb global_colors_info=\u00a0\u00bb{}\u00a0\u00bb][\/et_pb_divider][et_pb_heading title=\u00a0\u00bbEnergie : les carburants\u00a0\u00bb _builder_version=\u00a0\u00bb4.25.1&Prime; _module_preset=\u00a0\u00bbdefault\u00a0\u00bb title_font=\u00a0\u00bb|700|||||||\u00a0\u00bb title_text_align=\u00a0\u00bbcenter\u00a0\u00bb title_text_color=\u00a0\u00bb#2D2E83&Prime; global_colors_info=\u00a0\u00bb{}\u00a0\u00bb][\/et_pb_heading][\/et_pb_column][\/et_pb_row][et_pb_row column_structure=\u00a0\u00bb1_2,1_2&Prime; _builder_version=\u00a0\u00bb4.25.1&Prime; _module_preset=\u00a0\u00bbdefault\u00a0\u00bb global_colors_info=\u00a0\u00bb{}\u00a0\u00bb][et_pb_column type=\u00a0\u00bb1_2&Prime; _builder_version=\u00a0\u00bb4.25.1&Prime; _module_preset=\u00a0\u00bbdefault\u00a0\u00bb global_colors_info=\u00a0\u00bb{}\u00a0\u00bb][et_pb_image src=\u00a0\u00bbhttps:\/\/vigorous-bohr.217-160-187-185.plesk.page\/wp-content\/uploads\/2024\/10\/2024-08-12-PRO-AGRIDIFFUS-P2-0020-Large-2.jpg\u00a0\u00bb title_text=\u00a0\u00bb2024-08-12-PRO-AGRIDIFFUS-P2&#8211;0020-(Large)-2&Prime; _builder_version=\u00a0\u00bb4.25.1&Prime; _module_preset=\u00a0\u00bbdefault\u00a0\u00bb width=\u00a0\u00bb100%\u00a0\u00bb global_colors_info=\u00a0\u00bb{}\u00a0\u00bb custom_padding=\u00a0\u00bb60px|||||\u00a0\u00bb][\/et_pb_image][\/et_pb_column][et_pb_column type=\u00a0\u00bb1_2&Prime; _builder_version=\u00a0\u00bb4.25.1&Prime; _module_preset=\u00a0\u00bbdefault\u00a0\u00bb global_colors_info=\u00a0\u00bb{}\u00a0\u00bb][et_pb_text _builder_version=\u00a0\u00bb4.25.1&Prime; _module_preset=\u00a0\u00bbdefault\u00a0\u00bb global_colors_info=\u00a0\u00bb{}\u00a0\u00bb custom_padding=\u00a0\u00bb3px|||||\u00a0\u00bb]<\/p>\n<p>Sp\u00e9cialis\u00e9 dans la distribution de combustibles, notre P\u00f4le Energie accompagne les particuliers comme les professionnels.<\/p>\n<p><strong><em>Rapidit\u00e9 et service pour r\u00e9pondre \u00e0 vos besoins o\u00f9 que vous soyez<\/em> \u2026<\/strong><\/p>\n<ul>\n<li>Commandes par t\u00e9l\u00e9phone aupr\u00e8s de nos \u00e9quipes<\/li>\n<li>Livraisons assur\u00e9es par nos chauffeurs sur une zone de chalandise : l\u2019Ain (01), le Rh\u00f4ne (69), la Sa\u00f4ne et Loire (71)<\/li>\n<li>Une flotte de poids-lourds sp\u00e9cialis\u00e9e et \u00e9quip\u00e9e de distribution mesur\u00e9e et agr\u00e9\u00e9e chaque ann\u00e9e qui assure la livraison d\u2019une large gamme de produits : GNR, GNR Performance, Ecopolaire, Gasoil, Biocarburant : HVO\u2026<\/li>\n<li>Pour les professionnels du monde agricole, du BTP et du transport, nous adaptons nos solutions.<\/li>\n<\/ul>\n<ul>\n<li>Pour vos besoins en chauffage\u00a0: Fioul, fioul performance, fioul nature, biofuel, Adblue\u2026<\/li>\n<li>Une large gamme de graisses et lubrifiants<\/li>\n<li>Le nettoyage de vos cuves peut \u00eatre r\u00e9alis\u00e9e par nos partenaires<\/li>\n<li>Suivi et contr\u00f4le des niveaux de remplissage de vos cuves par un syst\u00e8me de jauges \u00e9lectroniques<\/li>\n<li>Une station de carburant ouverte \u00e0 tous 24h\/24h et 7 jours sur 7 sur la commune de SAINT-TRIVIER-SUR-MOIGNANS (01990)<\/li>\n<li>Un service \u00ab badges \u00bb r\u00e9serv\u00e9 aux professionnels pour votre autonomie ainsi que celle des \u00e9quipes<\/li>\n<li>Une borne de chargement pour v\u00e9hicule \u00e9lectrique aliment\u00e9e par notre centrale photovolta\u00efque \u00e0 SERVAS est disponible pour tous durant les heures d\u2019ouverture du magasin.<\/li>\n<\/ul>\n<p>[\/et_pb_text][\/et_pb_column][\/et_pb_row][et_pb_row _builder_version=\u00a0\u00bb4.25.1&Prime; _module_preset=\u00a0\u00bbdefault\u00a0\u00bb global_colors_info=\u00a0\u00bb{}\u00a0\u00bb][et_pb_column type=\u00a0\u00bb4_4&Prime; _builder_version=\u00a0\u00bb4.25.1&Prime; _module_preset=\u00a0\u00bbdefault\u00a0\u00bb global_colors_info=\u00a0\u00bb{}\u00a0\u00bb][et_pb_divider color=\u00a0\u00bb#95C11F\u00a0\u00bb divider_weight=\u00a0\u00bb5px\u00a0\u00bb _builder_version=\u00a0\u00bb4.25.1&Prime; _module_preset=\u00a0\u00bbdefault\u00a0\u00bb global_colors_info=\u00a0\u00bb{}\u00a0\u00bb][\/et_pb_divider][et_pb_heading title=\u00a0\u00bbEnergies : les granul\u00e9s bois \u00a0\u00bb module_id=\u00a0\u00bbenergiepublic\u00a0\u00bb _builder_version=\u00a0\u00bb4.25.1&Prime; _module_preset=\u00a0\u00bbdefault\u00a0\u00bb title_font=\u00a0\u00bb|700|||||||\u00a0\u00bb title_text_align=\u00a0\u00bbcenter\u00a0\u00bb title_text_color=\u00a0\u00bb#2D2E83&Prime; global_colors_info=\u00a0\u00bb{}\u00a0\u00bb][\/et_pb_heading][\/et_pb_column][\/et_pb_row][et_pb_row column_structure=\u00a0\u00bb1_2,1_2&Prime; _builder_version=\u00a0\u00bb4.25.1&Prime; _module_preset=\u00a0\u00bbdefault\u00a0\u00bb global_colors_info=\u00a0\u00bb{}\u00a0\u00bb][et_pb_column type=\u00a0\u00bb1_2&Prime; _builder_version=\u00a0\u00bb4.25.1&Prime; _module_preset=\u00a0\u00bbdefault\u00a0\u00bb global_colors_info=\u00a0\u00bb{}\u00a0\u00bb][et_pb_text _builder_version=\u00a0\u00bb4.25.1&Prime; _module_preset=\u00a0\u00bbdefault\u00a0\u00bb global_colors_info=\u00a0\u00bb{}\u00a0\u00bb custom_padding=\u00a0\u00bb66px|||||\u00a0\u00bb]<\/p>\n<p><strong>Le granul\u00e9s bois, une \u00e9nergie propre, performante et \u00e9cologique<\/strong><\/p>\n<p>Issue de la valorisation des connexes de bois, sciures, plaquettes, le granul\u00e9 bois est une solution de chauffage performante et respectueuse de l\u2019environnement. Nous avons choisi de la d\u00e9velopper en mettant \u00e0 votre service une logistique locale efficace pour couvrir vos besoins directement chez vous en palette ou en VRAC dans l\u2019Ain, le Rh\u00f4ne ou La Sa\u00f4ne et Loire.<br \/>Nous travaillons exclusivement avec des producteurs r\u00e9gionaux certifi\u00e9s DIN+ et\/ou EN+A1 selon la norme EN 14961-2.<br \/>Avec nos granul\u00e9s Moulin Bois Energie et Granul\u20acco, vous pourrez alimenter votre chaudi\u00e8re ou votre po\u00eale \u00e0 granul\u00e9s en lui garantissant un combustible haut de gamme au juste prix.<br \/>Vous trouverez aussi nos granul\u00e9s en sac dans nos quatre magasins de proximit\u00e9.<\/p>\n<p>[\/et_pb_text][\/et_pb_column][et_pb_column type=\u00a0\u00bb1_2&Prime; _builder_version=\u00a0\u00bb4.25.1&Prime; _module_preset=\u00a0\u00bbdefault\u00a0\u00bb global_colors_info=\u00a0\u00bb{}\u00a0\u00bb][et_pb_image src=\u00a0\u00bbhttps:\/\/vigorous-bohr.217-160-187-185.plesk.page\/wp-content\/uploads\/2024\/09\/2024-08-12-PRO-AGRIDIFFUS-P2-0003-Large.jpg\u00a0\u00bb title_text=\u00a0\u00bb2024-08-12-PRO-AGRIDIFFUS-P2- 0003 (Large)\u00a0\u00bb _builder_version=\u00a0\u00bb4.25.1&Prime; _module_preset=\u00a0\u00bbdefault\u00a0\u00bb width=\u00a0\u00bb100%\u00a0\u00bb global_colors_info=\u00a0\u00bb{}\u00a0\u00bb custom_margin=\u00a0\u00bb-1px|||||\u00a0\u00bb custom_padding=\u00a0\u00bb5px|||||\u00a0\u00bb][\/et_pb_image][\/et_pb_column][\/et_pb_row][et_pb_row column_structure=\u00a0\u00bb1_2,1_2&Prime; _builder_version=\u00a0\u00bb4.25.1&Prime; _module_preset=\u00a0\u00bbdefault\u00a0\u00bb global_colors_info=\u00a0\u00bb{}\u00a0\u00bb][et_pb_column type=\u00a0\u00bb1_2&Prime; _builder_version=\u00a0\u00bb4.25.1&Prime; _module_preset=\u00a0\u00bbdefault\u00a0\u00bb global_colors_info=\u00a0\u00bb{}\u00a0\u00bb][dsm_advanced_tabs dsm_show_arrow=\u00a0\u00bboff\u00a0\u00bb dsm_content_padding=\u00a0\u00bb20px|30px|20px|30px|true|false\u00a0\u00bb dsm_content_image_icon_padding=\u00a0\u00bb0px|0px|0px|0px|true|false\u00a0\u00bb _builder_version=\u00a0\u00bb4.25.1&Prime; _module_preset=\u00a0\u00bbdefault\u00a0\u00bb image_icon_custom_padding=\u00a0\u00bb0px|0px|0px|0px|false|false\u00a0\u00bb hover_enabled=\u00a0\u00bb0&Prime; border_radii=\u00a0\u00bbon||||\u00a0\u00bb border_width_all=\u00a0\u00bb3px\u00a0\u00bb border_color_all=\u00a0\u00bb#95C11F\u00a0\u00bb border_width_all_dsm_content_border=\u00a0\u00bb0px\u00a0\u00bb global_colors_info=\u00a0\u00bb{}\u00a0\u00bb sticky_enabled=\u00a0\u00bb0&Prime;][dsm_advanced_tabs_child dsm_content_title=\u00a0\u00bbVrac\u00a0\u00bb dsm_content=\u00a0\u00bb<\/p>\n<p style=%22text-align: center;%22>Avec notre camion souffleur et notre caisson de livraison, nous assurons les livraisons tout en pr\u00e9servant le granul\u00e9s gr\u00e2ce \u00e0 notre savoir-faire.<br \/>De 1 T \u00e0 17 T, nous nous adaptons \u00e0 vos consommations et \u00e0 vos capacit\u00e9s de stockage.<\/p>\n<p>\u00a0\u00bb dsm_content_use_icon_image=\u00a0\u00bbon\u00a0\u00bb _builder_version=\u00a0\u00bb4.25.1&Prime; _module_preset=\u00a0\u00bbdefault\u00a0\u00bb content_title_font=\u00a0\u00bb|700|||||||\u00a0\u00bb content_title_text_align=\u00a0\u00bbcenter\u00a0\u00bb content_title_text_color=\u00a0\u00bb#2D2E83&Prime; background_color=\u00a0\u00bb#FFFFFF\u00a0\u00bb background_enable_color=\u00a0\u00bbon\u00a0\u00bb hover_enabled=\u00a0\u00bb0&Prime; global_colors_info=\u00a0\u00bb{}\u00a0\u00bb parentOrderClass=\u00a0\u00bbdsm_advanced_tabs_0&Prime; sticky_enabled=\u00a0\u00bb0&Prime;][\/dsm_advanced_tabs_child][\/dsm_advanced_tabs][\/et_pb_column][et_pb_column type=\u00a0\u00bb1_2&Prime; _builder_version=\u00a0\u00bb4.25.1&Prime; _module_preset=\u00a0\u00bbdefault\u00a0\u00bb global_colors_info=\u00a0\u00bb{}\u00a0\u00bb][dsm_advanced_tabs dsm_show_arrow=\u00a0\u00bboff\u00a0\u00bb dsm_content_padding=\u00a0\u00bb20px|30px|20px|30px|true|false\u00a0\u00bb _builder_version=\u00a0\u00bb4.25.1&Prime; _module_preset=\u00a0\u00bbdefault\u00a0\u00bb image_icon_custom_padding=\u00a0\u00bb0px|0px|0px|0px|true|true\u00a0\u00bb custom_margin=\u00a0\u00bb||0px||false|false\u00a0\u00bb custom_padding=\u00a0\u00bb||0px||false|false\u00a0\u00bb hover_enabled=\u00a0\u00bb0&Prime; border_radii=\u00a0\u00bbon||||\u00a0\u00bb border_width_all=\u00a0\u00bb3px\u00a0\u00bb border_color_all=\u00a0\u00bb#95C11F\u00a0\u00bb border_style_all_dsm_tabs_border=\u00a0\u00bbnone\u00a0\u00bb border_color_all_dsm_active_tabs_border=\u00a0\u00bbRGBA(255,255,255,0)\u00a0\u00bb border_style_all_dsm_active_tabs_border=\u00a0\u00bbnone\u00a0\u00bb border_width_all_dsm_content_border=\u00a0\u00bb0px\u00a0\u00bb global_colors_info=\u00a0\u00bb{}\u00a0\u00bb sticky_enabled=\u00a0\u00bb0&Prime; dsm_content_image_icon_padding=\u00a0\u00bb0px|10px|0px|0px|false|false\u00a0\u00bb][dsm_advanced_tabs_child dsm_content_title=\u00a0\u00bbPalettes\u00a0\u00bb dsm_content=\u00a0\u00bb<\/p>\n<p style=%22text-align: center;%22>Nous disposons de 2 camions plateaux \u00e9quip\u00e9s de chariots embarqu\u00e9s pour assurer les livraisons \u00e0 domicile directement dans vos lieux de stockage.<br \/>Nouvelle phrase<\/p>\n<p>\u00a0\u00bb _builder_version=\u00a0\u00bb4.25.1&Prime; _module_preset=\u00a0\u00bbdefault\u00a0\u00bb content_title_font=\u00a0\u00bb|700|||||||\u00a0\u00bb content_title_text_align=\u00a0\u00bbcenter\u00a0\u00bb content_title_text_color=\u00a0\u00bb#2D2E83&Prime; background_color=\u00a0\u00bb#FFFFFF\u00a0\u00bb background_enable_color=\u00a0\u00bbon\u00a0\u00bb hover_enabled=\u00a0\u00bb0&Prime; global_colors_info=\u00a0\u00bb{}\u00a0\u00bb parentOrderClass=\u00a0\u00bbdsm_advanced_tabs_1&Prime; sticky_enabled=\u00a0\u00bb0&Prime;][\/dsm_advanced_tabs_child][\/dsm_advanced_tabs][\/et_pb_column][\/et_pb_row][\/et_pb_section]<\/p>\n","protected":false},"excerpt":{"rendered":"<p>Sp\u00e9cialis\u00e9 dans la distribution de combustibles, notre P\u00f4le Energie accompagne les particuliers comme les professionnels. Rapidit\u00e9 et service pour r\u00e9pondre \u00e0 vos besoins o\u00f9 que vous soyez \u2026 Commandes par t\u00e9l\u00e9phone aupr\u00e8s de nos \u00e9quipes Livraisons assur\u00e9es par nos chauffeurs sur une zone de chalandise : l\u2019Ain (01), le Rh\u00f4ne (69), la Sa\u00f4ne et Loire (71) Une flotte de poids-lourds sp\u00e9cialis\u00e9e et \u00e9quip\u00e9e de distribution mesur\u00e9e et agr\u00e9\u00e9e chaque ann\u00e9e qui assure la livraison d\u2019une large gamme de produits : GNR, GNR Performance, Ecopolaire, Gasoil, Biocarburant : HVO\u2026 Pour les professionnels du monde agricole, du BTP et du transport, nous adaptons nos solutions. Pour vos besoins en chauffage\u00a0: Fioul, fioul performance, fioul nature, biofuel, Adblue\u2026 Une large gamme de graisses et lubrifiants Le nettoyage de vos cuves peut \u00eatre r\u00e9alis\u00e9e par nos partenaires Suivi et contr\u00f4le des niveaux de remplissage de vos cuves par un syst\u00e8me de jauges \u00e9lectroniques Une station de carburant ouverte \u00e0 tous 24h\/24h et 7 jours sur 7 sur la commune de SAINT-TRIVIER-SUR-MOIGNANS (01990) Un service \u00ab badges \u00bb r\u00e9serv\u00e9 aux professionnels pour votre autonomie ainsi que celle des \u00e9quipes Une borne de chargement pour v\u00e9hicule \u00e9lectrique aliment\u00e9e par notre centrale photovolta\u00efque \u00e0 SERVAS est disponible [&hellip;]<\/p>\n","protected":false},"author":1,"featured_media":0,"parent":0,"menu_order":0,"comment_status":"closed","ping_status":"closed","template":"","meta":{"_et_pb_use_builder":"on","_et_pb_old_content":"","_et_gb_content_width":"","footnotes":""},"class_list":["post-322","page","type-page","status-publish","hentry"],"_links":{"self":[{"href":"https:\/\/diffusagri.fr\/index.php?rest_route=\/wp\/v2\/pages\/322","targetHints":{"allow":["GET"]}}],"collection":[{"href":"https:\/\/diffusagri.fr\/index.php?rest_route=\/wp\/v2\/pages"}],"about":[{"href":"https:\/\/diffusagri.fr\/index.php?rest_route=\/wp\/v2\/types\/page"}],"author":[{"embeddable":true,"href":"https:\/\/diffusagri.fr\/index.php?rest_route=\/wp\/v2\/users\/1"}],"replies":[{"embeddable":true,"href":"https:\/\/diffusagri.fr\/index.php?rest_route=%2Fwp%2Fv2%2Fcomments&post=322"}],"version-history":[{"count":36,"href":"https:\/\/diffusagri.fr\/index.php?rest_route=\/wp\/v2\/pages\/322\/revisions"}],"predecessor-version":[{"id":1419,"href":"https:\/\/diffusagri.fr\/index.php?rest_route=\/wp\/v2\/pages\/322\/revisions\/1419"}],"wp:attachment":[{"href":"https:\/\/diffusagri.fr\/index.php?rest_route=%2Fwp%2Fv2%2Fmedia&parent=322"}],"curies":[{"name":"wp","href":"https:\/\/api.w.org\/{rel}","templated":true}]}}